{"id":84,"date":"2020-01-06T18:19:11","date_gmt":"2020-01-06T18:19:11","guid":{"rendered":"http:\/\/xn--tmbekapp-e4a.ee\/?page_id=84"},"modified":"2025-01-25T18:09:45","modified_gmt":"2025-01-25T18:09:45","slug":"kataloogid","status":"publish","type":"page","link":"https:\/\/www.xn--tmbekapp-e4a.ee\/index.php\/kataloogid\/","title":{"rendered":"Kataloogid"},"content":{"rendered":"\n<div class=\"wp-block-group is-layout-flow wp-block-group-is-layout-flow\"><div class=\"wp-block-group__inner-container\">\n<div class=\"wp-block-file\"><a id=\"wp-block-file--media-6c0101cb-39be-45aa-b13a-0c5d317175b5\" target=\"_blank\" rel=\"noreferrer noopener\">Athla: Loodusteaduste klass (2024)<\/a><\/div>\n\n\n\n<div class=\"wp-block-file\"><a id=\"wp-block-file--media-a70f487e-c487-4b48-8e3c-8e30ad1b0e64\" href=\"https:\/\/www.xn--tmbekapp-e4a.ee\/wp-content\/uploads\/2024\/12\/Loodusteadusteklass-2024-v.I.pdf\" target=\"_blank\" rel=\"noreferrer noopener\">Loodusteadusteklass-2024-v.I<\/a><\/div>\n<\/div><\/div>\n\n\n\n<div class=\"wp-block-group is-layout-flow wp-block-group-is-layout-flow\"><div class=\"wp-block-group__inner-container\">\n<div class=\"wp-block-group is-layout-flow wp-block-group-is-layout-flow\"><div class=\"wp-block-group__inner-container\">\n<div class=\"wp-block-file\"><a id=\"wp-block-file--media-edd5385e-d256-4bac-863b-9ee72477d755\" href=\"http:\/\/www.xn--tmbekapp-e4a.ee\/wp-content\/uploads\/2023\/07\/Athla_SC-2023.pdf\">Athla_SC (2023)<\/a><\/div>\n\n\n\n<div class=\"wp-block-file\"><a id=\"wp-block-file--media-4a3fd751-b234-4716-b6f6-280846a1cce3\" href=\"https:\/\/www.xn--tmbekapp-e4a.ee\/wp-content\/uploads\/2022\/01\/Mobiilne_t\u00f5mbekapp-Athla_M.pdf\">Mobiilne_t\u00f5mbekapp-Athla_M<\/a><\/div>\n\n\n\n<div class=\"wp-block-file\"><\/div>\n<\/div><\/div>\n<\/div><\/div>\n\n\n\n<div class=\"wp-block-file\"><a id=\"wp-block-file--media-8bb53607-4af2-472d-a1c8-2ebc382cf60f\" href=\"http:\/\/www.xn--tmbekapp-e4a.ee\/wp-content\/uploads\/2021\/05\/\u041c\u0435\u0431\u0435\u043b\u044c-\u043d\u0430\u0443\u0447\u043d\u043e\u0433\u043e-\u043a\u043b\u0430\u0441\u0441\u0430.pdf\">\u041c\u0415\u0411\u0415\u041b\u042c \u0425\u0418\u041c\u0418\u041a\u041e-\u0411\u0418\u041e\u041b\u041e\u0413\u0418\u0427\u0415\u0421\u041a\u041e\u0413\u041e \u041a\u041b\u0410\u0421\u0421\u0410<\/a><\/div>\n\n\n\n<div class=\"wp-block-file\"><a id=\"wp-block-file--media-2d8dfec7-2638-477a-8cf7-46edc92fdf3e\" href=\"https:\/\/www.xn--tmbekapp-e4a.ee\/wp-content\/uploads\/2021\/05\/standard_t\u00f5mbekapp.pdf\">standard_t\u00f5mbekapp<\/a><\/div>\n\n\n\n<div class=\"wp-block-file\"><a id=\"wp-block-file--media-8e4e6bb3-d9e0-477c-9395-a2acd2ffbe3d\" href=\"https:\/\/www.xn--tmbekapp-e4a.ee\/wp-content\/uploads\/2021\/05\/energias\u00e4\u00e4stlik_t\u00f5mbekapp.pdf\">energias\u00e4\u00e4stlik t\u00f5mbekapp<\/a><\/div>\n\n\n\n<div class=\"wp-block-file\"><a id=\"wp-block-file--media-a30cb9d6-82da-4241-9f3a-634156b1c78f\" href=\"http:\/\/www.xn--tmbekapp-e4a.ee\/wp-content\/uploads\/2023\/01\/Athla_TII-uus.pdf\">Athla_TII uus<\/a><\/div>\n\n\n\n<div class=\"wp-block-file\"><a id=\"wp-block-file--media-d0979d3f-25c6-4947-9e8c-98d766bd8c0b\" href=\"https:\/\/www.xn--tmbekapp-e4a.ee\/wp-content\/uploads\/2023\/08\/Athla-teenindusmoodl.pdf\">Athla-teenindusmoodl<\/a><\/div>\n\n\n\n<div class=\"wp-block-file\"><a id=\"wp-block-file--media-b4a0c97e-5adb-46a8-86bf-8ffc6304a150\" href=\"https:\/\/www.xn--tmbekapp-e4a.ee\/wp-content\/uploads\/2023\/08\/Athla_CT-1.pdf\">Athla_CT-1<\/a><\/div>\n\n\n\n<div class=\"wp-block-group is-layout-flow wp-block-group-is-layout-flow\"><div class=\"wp-block-group__inner-container\">\n<div class=\"wp-block-file\"><a id=\"wp-block-file--media-8bc7072c-252b-4f1d-a71e-40ce4d2412ee\" href=\"https:\/\/www.xn--tmbekapp-e4a.ee\/wp-content\/uploads\/2022\/01\/Grupit\u00f6\u00f6laud-1200x1200-1.pdf\">Grupit\u00f6\u00f6laud-1200&#215;1200-1<\/a><\/div>\n<\/div><\/div>\n\n\n\n<div class=\"wp-block-file\"><a id=\"wp-block-file--media-9be6dc73-a310-417f-aefd-052881bf765f\" href=\"https:\/\/www.xn--tmbekapp-e4a.ee\/wp-content\/uploads\/2023\/01\/School-fume-hood_2023-ENG.pdf\">School-fume-hood_2023-ENG<\/a><\/div>\n\n\n\n<div class=\"wp-block-file\"><a id=\"wp-block-file--media-4c7c1b48-829d-46be-955e-966220cc95e5\" href=\"https:\/\/www.xn--tmbekapp-e4a.ee\/wp-content\/uploads\/2024\/04\/Eriotstarbelised_t6mbekapid_24.pdf\" target=\"_blank\" rel=\"noreferrer noopener\">Eriotstarbelised_tombekapid<\/a><\/div>\n\n\n\n<div class=\"wp-block-file\"><a id=\"wp-block-file--media-ce86fcb3-f753-4c73-94b8-0c9caadf29d4\" href=\"https:\/\/www.xn--tmbekapp-e4a.ee\/wp-content\/uploads\/2023\/07\/\u0412\u044b\u0442\u044f\u0436\u043d\u043e\u0439_\u0448\u043a\u0430\u0444_\u0448\u043a\u043e\u043b\u044b.pdf\">\u0412\u044b\u0442\u044f\u0436\u043d\u043e\u0439_\u0448\u043a\u0430\u0444_\u0448\u043a\u043e\u043b\u044b<\/a><\/div>\n\n\n\n<div class=\"wp-block-file\"><a id=\"wp-block-file--media-64eb84d5-7f42-4a03-9812-7dc97e22cb64\" href=\"http:\/\/www.xn--tmbekapp-e4a.ee\/wp-content\/uploads\/2024\/12\/Velkmes-skapis.pdf\" target=\"_blank\" rel=\"noreferrer noopener\">Velkmes-skapis<\/a><\/div>\n","protected":false},"excerpt":{"rendered":"","protected":false},"author":1,"featured_media":0,"parent":0,"menu_order":0,"comment_status":"closed","ping_status":"closed","template":"","meta":{"footnotes":""},"_links":{"self":[{"href":"https:\/\/www.xn--tmbekapp-e4a.ee\/index.php\/wp-json\/wp\/v2\/pages\/84"}],"collection":[{"href":"https:\/\/www.xn--tmbekapp-e4a.ee\/index.php\/wp-json\/wp\/v2\/pages"}],"about":[{"href":"https:\/\/www.xn--tmbekapp-e4a.ee\/index.php\/wp-json\/wp\/v2\/types\/page"}],"author":[{"embeddable":true,"href":"https:\/\/www.xn--tmbekapp-e4a.ee\/index.php\/wp-json\/wp\/v2\/users\/1"}],"replies":[{"embeddable":true,"href":"https:\/\/www.xn--tmbekapp-e4a.ee\/index.php\/wp-json\/wp\/v2\/comments?post=84"}],"version-history":[{"count":5,"href":"https:\/\/www.xn--tmbekapp-e4a.ee\/index.php\/wp-json\/wp\/v2\/pages\/84\/revisions"}],"predecessor-version":[{"id":655,"href":"https:\/\/www.xn--tmbekapp-e4a.ee\/index.php\/wp-json\/wp\/v2\/pages\/84\/revisions\/655"}],"wp:attachment":[{"href":"https:\/\/www.xn--tmbekapp-e4a.ee\/index.php\/wp-json\/wp\/v2\/media?parent=84"}],"curies":[{"name":"wp","href":"https:\/\/api.w.org\/{rel}","templated":true}]}}